{"id":2021,"date":"2019-07-02T09:50:26","date_gmt":"2019-07-02T13:50:26","guid":{"rendered":"http:\/\/ryane20.sg-host.com\/unete-a-nuestro-equipo\/"},"modified":"2019-07-02T09:50:31","modified_gmt":"2019-07-02T13:50:31","slug":"unete-a-nuestro-equipo","status":"publish","type":"page","link":"https:\/\/shelbyerectors.com\/es\/sobre-nosotros\/unete-a-nuestro-equipo\/","title":{"rendered":"\u00danete a nuestro equipo"},"content":{"rendered":"<p>En Shelby Erectors, construimos las carreteras de Florida. Tenemos la oportunidad de crear un impacto duradero en las vidas de nuestro equipo y las comunidades que conectamos. Nuestro equipo de liderazgo se centra en la calidad y la innovaci\u00f3n para garantizar que estamos maximizando nuestro potencial.<\/p>\n<p>Buscamos personas que:<\/p>\n<ul>\n<li>Capaz de comprobar su ego<\/li>\n<li>Siempre prestando atenci\u00f3n a los detalles<\/li>\n<li>Considerando la seguridad en cada acci\u00f3n<\/li>\n<li>Aprendizaje constante<\/li>\n<li>Trabajo duro<\/li>\n<li>Innovador<\/li>\n<li>Responsable<\/li>\n<li>Fuerte, mental y f\u00edsicamente<\/li>\n<li>Jugadores del equipo<\/li>\n<li>Queriendo hacerlo mejor<\/li>\n<li>Dispuestos a cuidarse el uno al otro<\/li>\n<\/ul>\n<p>Estamos comprometidos con programas de capacitaci\u00f3n innovadores y el uso de nuevas tecnolog\u00edas. Utilizamos un programa de aprendizaje que permite a los nuevos miembros del equipo \u00abganar mientras aprenden\u00bb. Esta oportunidad de crecimiento inicia su carrera sobre una base s\u00f3lida. Siempre estamos encontrando oportunidades para que nuestro equipo aumente sus conocimientos y mejore los resultados.<\/p>\n<p>Si est\u00e1s buscando una compa\u00f1\u00eda estable, no busques m\u00e1s. Nuestros valores fundamentales influyen en todo, desde la contrataci\u00f3n y la creaci\u00f3n de equipos, hasta los clientes con los que decidimos trabajar y los proyectos de construcci\u00f3n por los que aceptamos pujar. Nuestro objetivo es ser el l\u00edder de la industria en Florida y nuestra reputaci\u00f3n de trabajo de alta calidad y compromiso de hacer siempre mejor nos llevar\u00e1 all\u00ed.<\/p>\n<p>Mientras nuestro equipo sigue creciendo, podemos estar tranquilos sabiendo que estamos contratando el mejor talento de la industria. Nuestro objetivo es contratar a los mejores candidatos, para que nuestro equipo pueda producir un trabajo de la mejor calidad.<\/p>\n<p>\u00bfComo lo que est\u00e1s leyendo y crees que <em>eres<\/em> el mejor? <a href=\"https:\/\/shelbyerectors.com\/es\/trabajos-abiertos\/\">Acomp\u00e1\u00f1enos<\/a> para ayudar a tener un impacto en las vidas de su equipo y las comunidades que nos rodean.<\/p>\n<p style=\"text-align: center;\"><a class=\"button more-link accent\" href=\"https:\/\/shelbyerectors.com\/es\/trabajos-abiertos\/\">Buscar trabajos abiertos<\/a><\/p>\n","protected":false},"excerpt":{"rendered":"<p>Nuestro objetivo es ser el l\u00edder de la industria en Florida. Nuestra reputaci\u00f3n de trabajo de alta calidad y el compromiso de hacerlo siempre mejor nos llevar\u00e1 all\u00ed.<\/p>\n","protected":false},"author":4,"featured_media":1979,"parent":2022,"menu_order":0,"comment_status":"closed","ping_status":"closed","template":"","meta":{"_acf_changed":false,"_genesis_hide_title":false,"_genesis_hide_breadcrumbs":false,"_genesis_hide_singular_image":false,"_genesis_hide_footer_widgets":false,"_genesis_custom_body_class":"","_genesis_custom_post_class":"","_genesis_layout":"","footnotes":""},"class_list":{"0":"post-2021","1":"page","2":"type-page","3":"status-publish","4":"has-post-thumbnail","6":"entry"},"acf":[],"_links":{"self":[{"href":"https:\/\/shelbyerectors.com\/es\/wp-json\/wp\/v2\/pages\/2021","targetHints":{"allow":["GET"]}}],"collection":[{"href":"https:\/\/shelbyerectors.com\/es\/wp-json\/wp\/v2\/pages"}],"about":[{"href":"https:\/\/shelbyerectors.com\/es\/wp-json\/wp\/v2\/types\/page"}],"author":[{"embeddable":true,"href":"https:\/\/shelbyerectors.com\/es\/wp-json\/wp\/v2\/users\/4"}],"replies":[{"embeddable":true,"href":"https:\/\/shelbyerectors.com\/es\/wp-json\/wp\/v2\/comments?post=2021"}],"version-history":[{"count":0,"href":"https:\/\/shelbyerectors.com\/es\/wp-json\/wp\/v2\/pages\/2021\/revisions"}],"up":[{"embeddable":true,"href":"https:\/\/shelbyerectors.com\/es\/wp-json\/wp\/v2\/pages\/2022"}],"wp:featuredmedia":[{"embeddable":true,"href":"https:\/\/shelbyerectors.com\/es\/wp-json\/wp\/v2\/media\/1979"}],"wp:attachment":[{"href":"https:\/\/shelbyerectors.com\/es\/wp-json\/wp\/v2\/media?parent=2021"}],"curies":[{"name":"wp","href":"https:\/\/api.w.org\/{rel}","templated":true}]}}