{"id":2022,"date":"2019-07-02T09:52:02","date_gmt":"2019-07-02T13:52:02","guid":{"rendered":"http:\/\/ryane20.sg-host.com\/sobre-nosotros\/"},"modified":"2019-07-02T09:52:04","modified_gmt":"2019-07-02T13:52:04","slug":"sobre-nosotros","status":"publish","type":"page","link":"https:\/\/shelbyerectors.com\/es\/sobre-nosotros\/","title":{"rendered":"Sobre nosotros"},"content":{"rendered":"<h2>Nuestra historia<\/h2>\n<p>Shelby Erectors, Inc. ha estado en el negocio desde el 1 de abril de 1997. La compa\u00f1\u00eda es la \u00fanica entidad de Jennifer Nix, quien se desempe\u00f1a como Propietaria y Presidenta. Somos un subcontratista de mano de obra que se especializa en la construcci\u00f3n de puentes, espec\u00edficamente, la instalaci\u00f3n de acero de refuerzo y cubiertamet\u00e1lica Stay-In-Place.<\/p>\n<p>Shelby Erectors, Inc. se convirti\u00f3 en una Entidad comercial desfavorecida (DBE) certificada por el Departamento de Transporte de Florida (FDOT) el 6 de agosto de 2010. Esta distinci\u00f3n se analiza y renueva anualmente y debe ser calificada para mantener su posici\u00f3n.<\/p>\n<p>Shelby Erectors actualmente tiene m\u00e1s de 200 empleados que est\u00e1n en sitios de trabajo en todo el estado de Florida. Mantenemos contratos que var\u00edan en duraci\u00f3n de varios meses a m\u00e1s de seis a\u00f1os y var\u00edan de miles de d\u00f3lares a millones.<\/p>\n<div style=\"text-align:center;display\"><iframe width=\"560\" height=\"315\" style=\"display:inline-block;\" src=\"https:\/\/www.youtube.com\/embed\/plfGKrbm7Mg?rel=0\" frameborder=\"0\" allow=\"accelerometer; autoplay; encrypted-media; gyroscope; picture-in-picture\" allowfullscreen=\"\"><\/iframe><\/div>\n<h2>Compromiso con la tecnolog\u00eda<\/h2>\n<p>Shelby Erectors se enorgullece de nuestros innovadores m\u00e9todos de operaci\u00f3n. Tenemos un compromiso con la tecnolog\u00eda y nos aseguramos de seguir adelante con los tiempos. Por lo tanto, somos una empresa completamente sin papel y proporcionamos a nuestros supervisores y Foreman tabletas y aplicaciones en sus tel\u00e9fonos inteligentes. Esto les permite enviar todos los formularios a la administraci\u00f3n y a los contratistas electr\u00f3nicamente.<\/p>\n<p>Estamos orgullosos de nuestro Programa de Seguridad, que es una prioridad en nuestras operaciones diarias. Nuestro programa de seguridad tambi\u00e9n es altamente innovador y sin papel. Proporciona informaci\u00f3n a trav\u00e9s de tecnolog\u00eda que es sucinta y responsable. Por ejemplo, cualquier persona puede obtener nuestras certificaciones de seguridad en cualquier sitio de trabajo para cualquier empleado a trav\u00e9s de c\u00f3digos de barras. Nuestro compromiso con la seguridad y la tecnolog\u00eda va de la mano en el propulsi\u00f3n de Shelby Erectors, Inc. a un nivel m\u00e1s alto en nuestra industria.<\/p>\n<h2>Programa de Aprendizaje<\/h2>\n<p>Shelby Erectors ha tomado la iniciativa de mantener un programa de capacitaci\u00f3n de aprendices. Como resultado, atraeremos nuevos trabajadores a nuestra nave. Tenemos empleados que son instructores certificados con el Programa de Capacitaci\u00f3n de Artesan\u00eda NCCER y ense\u00f1amos a los aprendices la artesan\u00eda de Acero Refuerzo, tanto a trav\u00e9s del aprendizaje de libros como del trabajo de campo.<\/p>\n<p>Nos hemos asociado con Adaptive Constructive Solutions, Inc. (ACS). Esta organizaci\u00f3n recluta veteranos de los Estados Unidos para entrar en nuestro programa y aprender un nuevo oficio despu\u00e9s de que hayan regresado a casa de su servicio a nuestro pa\u00eds.<\/p>\n<h2>Enfoque familiar<\/h2>\n<p>En primer lugar, Shelby Erectors es un negocio familiar y operado. Nos esforzamos por que cada empleado se sienta parte de una operaci\u00f3n familiar que est\u00e1 avanzando por el bien mayor de la industria de la construcci\u00f3n.<\/p>\n<p>Jennifer Nix se enorgullece del hecho de que su esposo, Jack Nix, sirve como su consultor y gerente de operaciones de campo. Su hijo, Jackson Nix, y su yerno, Cory Martin, son una parte integral de las operaciones de campo.<\/p>\n<p>Su \u00fanico objetivo es que esta compa\u00f1\u00eda piense \u00abSeguridad siempre\u00bb y \u00abTodo el mundo se va a casa\u00bb. Sobre todo, nuestro objetivo es elevar la integridad de la industria de la construcci\u00f3n a trav\u00e9s de la tecnolog\u00eda, la formaci\u00f3n y la innovaci\u00f3n.<\/p>\n","protected":false},"excerpt":{"rendered":"<p>En Shelby Erectors, construimos m\u00e1s que puentes. Construimos la infraestructura que conecta las comunidades. Como contratista de armaduras de puente sin cuartel m\u00e1s importante de Florida, hacemos las cosas mejor, porque podemos. Nuestro compromiso con nuestro equipo y sus familias es lo que llamamos<br \/> \u00abLa diferencia de los erectores Shelby.\u00bb<\/p>\n","protected":false},"author":4,"featured_media":1974,"parent":0,"menu_order":0,"comment_status":"closed","ping_status":"closed","template":"","meta":{"_acf_changed":false,"_genesis_hide_title":false,"_genesis_hide_breadcrumbs":false,"_genesis_hide_singular_image":false,"_genesis_hide_footer_widgets":false,"_genesis_custom_body_class":"","_genesis_custom_post_class":"","_genesis_layout":"","footnotes":""},"class_list":{"0":"post-2022","1":"page","2":"type-page","3":"status-publish","4":"has-post-thumbnail","6":"entry"},"acf":[],"_links":{"self":[{"href":"https:\/\/shelbyerectors.com\/es\/wp-json\/wp\/v2\/pages\/2022","targetHints":{"allow":["GET"]}}],"collection":[{"href":"https:\/\/shelbyerectors.com\/es\/wp-json\/wp\/v2\/pages"}],"about":[{"href":"https:\/\/shelbyerectors.com\/es\/wp-json\/wp\/v2\/types\/page"}],"author":[{"embeddable":true,"href":"https:\/\/shelbyerectors.com\/es\/wp-json\/wp\/v2\/users\/4"}],"replies":[{"embeddable":true,"href":"https:\/\/shelbyerectors.com\/es\/wp-json\/wp\/v2\/comments?post=2022"}],"version-history":[{"count":0,"href":"https:\/\/shelbyerectors.com\/es\/wp-json\/wp\/v2\/pages\/2022\/revisions"}],"wp:featuredmedia":[{"embeddable":true,"href":"https:\/\/shelbyerectors.com\/es\/wp-json\/wp\/v2\/media\/1974"}],"wp:attachment":[{"href":"https:\/\/shelbyerectors.com\/es\/wp-json\/wp\/v2\/media?parent=2022"}],"curies":[{"name":"wp","href":"https:\/\/api.w.org\/{rel}","templated":true}]}}