{"id":2028,"date":"2019-07-02T10:12:00","date_gmt":"2019-07-02T14:12:00","guid":{"rendered":"http:\/\/ryane20.sg-host.com\/sobre-nosotros\/conoce-al-equipo\/mike-wagner\/"},"modified":"2019-07-02T10:12:05","modified_gmt":"2019-07-02T14:12:05","slug":"mike-wagner","status":"publish","type":"page","link":"https:\/\/shelbyerectors.com\/es\/sobre-nosotros\/conoce-al-equipo\/mike-wagner\/","title":{"rendered":"Mike Wagner"},"content":{"rendered":"<p>Mike Wagner es Superintendente en Shelby Erectors con un enfoque en la calidad y la seguridad. Ha estado en la industria por m\u00e1s de 20 a\u00f1os y durante ese tiempo ha recibido numerosos premios de seguridad. A trav\u00e9s de su amplia experiencia, Mike tambi\u00e9n ha ganado un t\u00edtulo de Especialista de Heavy Rig.<\/p>\n<p>Seg\u00fan Mike, trabajar en Shelby Erectors es muy satisfactorio. Ver a su equipo tomar las partes y convertirlas en algo es incre\u00edble. Mike y su equipo se enorgullecen de la calidad del trabajo que crean.<\/p>\n<blockquote><p>Tengo un mont\u00f3n de buenos chicos en mi equipo y estoy muy orgulloso de lo que hacen. Nos importa un carajo y se nota.<\/p><\/blockquote>\n<p>Cuando Mike no est\u00e1 en el lugar de trabajo, puedes encontrarlo con su familia o en la naturaleza. Tiene una pasi\u00f3n por coleccionar rocas, palos y conchas que descubre durante sus aventuras. Tambi\u00e9n le gusta el cultivo de plantas. Mike est\u00e1 muy orgulloso de su hijo, que est\u00e1 actualmente en la universidad. Los dos disfrutan de pasar tiempo juntos.<\/p>\n<p style=\"text-align: right;\"><a href=\"https:\/\/shelbyerectors.com\/about-us\/meet-the-team\/\">Conoce al resto de nuestro equipo &gt;&gt;<\/a><\/p>\n","protected":false},"excerpt":{"rendered":"<p>Cuando Mike no est\u00e1 en el lugar de trabajo, puedes encontrarlo con su familia o en la naturaleza. Tiene una pasi\u00f3n por coleccionar rocas, palos y conchas que descubre durante sus aventuras. Tambi\u00e9n le gusta el cultivo de plantas.<\/p>\n","protected":false},"author":4,"featured_media":0,"parent":2023,"menu_order":0,"comment_status":"closed","ping_status":"closed","template":"","meta":{"_acf_changed":false,"_genesis_hide_title":false,"_genesis_hide_breadcrumbs":false,"_genesis_hide_singular_image":false,"_genesis_hide_footer_widgets":false,"_genesis_custom_body_class":"","_genesis_custom_post_class":"","_genesis_layout":"","footnotes":""},"class_list":{"0":"post-2028","1":"page","2":"type-page","3":"status-publish","5":"entry"},"acf":[],"_links":{"self":[{"href":"https:\/\/shelbyerectors.com\/es\/wp-json\/wp\/v2\/pages\/2028","targetHints":{"allow":["GET"]}}],"collection":[{"href":"https:\/\/shelbyerectors.com\/es\/wp-json\/wp\/v2\/pages"}],"about":[{"href":"https:\/\/shelbyerectors.com\/es\/wp-json\/wp\/v2\/types\/page"}],"author":[{"embeddable":true,"href":"https:\/\/shelbyerectors.com\/es\/wp-json\/wp\/v2\/users\/4"}],"replies":[{"embeddable":true,"href":"https:\/\/shelbyerectors.com\/es\/wp-json\/wp\/v2\/comments?post=2028"}],"version-history":[{"count":0,"href":"https:\/\/shelbyerectors.com\/es\/wp-json\/wp\/v2\/pages\/2028\/revisions"}],"up":[{"embeddable":true,"href":"https:\/\/shelbyerectors.com\/es\/wp-json\/wp\/v2\/pages\/2023"}],"wp:attachment":[{"href":"https:\/\/shelbyerectors.com\/es\/wp-json\/wp\/v2\/media?parent=2028"}],"curies":[{"name":"wp","href":"https:\/\/api.w.org\/{rel}","templated":true}]}}