{"id":2031,"date":"2019-07-02T10:12:35","date_gmt":"2019-07-02T14:12:35","guid":{"rendered":"http:\/\/ryane20.sg-host.com\/sobre-nosotros\/conoce-al-equipo\/vince-rankin\/"},"modified":"2019-07-02T10:12:40","modified_gmt":"2019-07-02T14:12:40","slug":"vince-rankin","status":"publish","type":"page","link":"https:\/\/shelbyerectors.com\/es\/sobre-nosotros\/conoce-al-equipo\/vince-rankin\/","title":{"rendered":"Vince Rankin"},"content":{"rendered":"<p>Si te preguntas qu\u00e9 hace de Shelby Erectors un l\u00edder en su industria, es gente como Vince. Como Superintendente con m\u00e1s de 32 a\u00f1os de experiencia, sabe lo que se necesita para hacer el trabajo bien.<\/p>\n<p>No son s\u00f3lo las habilidades de Vince lo que lo distinguen. Muestra su dedicaci\u00f3n a mejorar cada d\u00eda manteniendo varias certificaciones, desde Primeros Auxilios y RCP hasta Rigging y Soldadura.<\/p>\n<p>El compromiso de Vince con el aprendizaje continuo y el crecimiento construye a las personas con las que trabaja. Seg\u00fan \u00e9l, la formaci\u00f3n y la presentaci\u00f3n de trucos de los trabajadores del oficio es la mejor parte del trabajo. No hay nada como pasar un poco de tiempo con alguien y luego verlos utilizar sus nuevas habilidades unos d\u00edas m\u00e1s tarde. El conocimiento compartido y la formaci\u00f3n son valiosos para Vince, el empleado, la tripulaci\u00f3n y la empresa.<\/p>\n<blockquote><p>Me siento orgulloso de trabajar con la mejor empresa de acero de refuerzo en Florida.<\/p><\/blockquote>\n<p>La construcci\u00f3n de puentes requiere una cuidadosa atenci\u00f3n al detalle y al trabajo duro. Vince cree que el conocimiento que tiene el equipo del Erector Shelby puede ser compartido con sus tripulaciones para asegurar la longevidad de su nave.<\/p>\n<p style=\"text-align: right;\"><a href=\"https:\/\/shelbyerectors.com\/about-us\/meet-the-team\/\">Conoce al resto de nuestro equipo &gt;&gt;<\/a><\/p>\n","protected":false},"excerpt":{"rendered":"<p>La construcci\u00f3n de puentes requiere una cuidadosa atenci\u00f3n al detalle y al trabajo duro. Vince cree que el conocimiento que tiene el equipo del Erector Shelby puede ser compartido con sus tripulaciones para asegurar la longevidad de su nave.<\/p>\n","protected":false},"author":4,"featured_media":2012,"parent":2023,"menu_order":0,"comment_status":"closed","ping_status":"closed","template":"","meta":{"_acf_changed":false,"_genesis_hide_title":false,"_genesis_hide_breadcrumbs":false,"_genesis_hide_singular_image":false,"_genesis_hide_footer_widgets":false,"_genesis_custom_body_class":"","_genesis_custom_post_class":"","_genesis_layout":"","footnotes":""},"class_list":{"0":"post-2031","1":"page","2":"type-page","3":"status-publish","4":"has-post-thumbnail","6":"entry"},"acf":[],"_links":{"self":[{"href":"https:\/\/shelbyerectors.com\/es\/wp-json\/wp\/v2\/pages\/2031","targetHints":{"allow":["GET"]}}],"collection":[{"href":"https:\/\/shelbyerectors.com\/es\/wp-json\/wp\/v2\/pages"}],"about":[{"href":"https:\/\/shelbyerectors.com\/es\/wp-json\/wp\/v2\/types\/page"}],"author":[{"embeddable":true,"href":"https:\/\/shelbyerectors.com\/es\/wp-json\/wp\/v2\/users\/4"}],"replies":[{"embeddable":true,"href":"https:\/\/shelbyerectors.com\/es\/wp-json\/wp\/v2\/comments?post=2031"}],"version-history":[{"count":0,"href":"https:\/\/shelbyerectors.com\/es\/wp-json\/wp\/v2\/pages\/2031\/revisions"}],"up":[{"embeddable":true,"href":"https:\/\/shelbyerectors.com\/es\/wp-json\/wp\/v2\/pages\/2023"}],"wp:featuredmedia":[{"embeddable":true,"href":"https:\/\/shelbyerectors.com\/es\/wp-json\/wp\/v2\/media\/2012"}],"wp:attachment":[{"href":"https:\/\/shelbyerectors.com\/es\/wp-json\/wp\/v2\/media?parent=2031"}],"curies":[{"name":"wp","href":"https:\/\/api.w.org\/{rel}","templated":true}]}}