{"id":2033,"date":"2019-07-02T10:13:05","date_gmt":"2019-07-02T14:13:05","guid":{"rendered":"http:\/\/ryane20.sg-host.com\/sobre-nosotros\/conoce-al-equipo\/jennifer-nix\/"},"modified":"2020-10-28T10:30:23","modified_gmt":"2020-10-28T14:30:23","slug":"jennifer-nix","status":"publish","type":"page","link":"https:\/\/shelbyerectors.com\/es\/sobre-nosotros\/conoce-al-equipo\/jennifer-nix\/","title":{"rendered":"Jennifer Nix"},"content":{"rendered":"<p>Tal vez te preguntes c\u00f3mo se sentir\u00eda ser la mujer detr\u00e1s de una empresa de construcci\u00f3n l\u00edder en la industria. Seg\u00fan Jennifer Nix, ser la presidenta de la compa\u00f1\u00eda l\u00edder de subcontratistas de puentes en Florida es m\u00e1s all\u00e1 de las palabras, \u00a1incre\u00edble!<\/p>\n<blockquote><p>\u00abLos hombres y mujeres que trabajan para nosotros son insuperables y eso es un reflejo del equipo de liderazgo. No puedo evitar estar orgulloso de nuestro trabajo y de nuestro oficio\u00bb.<\/p><\/blockquote>\n<p>Jennifer se sumi\u00f3 en el mercado de la construcci\u00f3n de puentes a tiempo completo en 2010. Ese mismo a\u00f1o, la compa\u00f1\u00eda gan\u00f3 el premio certificado de la Entidad Comercial Desfavorecida (DBE) del Departamento de Transporte de Florida (FDOT), d\u00e1ndoles exposici\u00f3n en todo el estado para oportunidades de contrataci\u00f3n, as\u00ed como acceso a capacitaci\u00f3n y apoyo t\u00e9cnico Oportunidades.<\/p>\n<p>Entonces, \u00bfqu\u00e9 la motiva para venir a la oficina cada ma\u00f1ana? Ella ve el valor que Shelby Erectors trae a las comunidades que viven y trabajan en, desde la infraestructura segura hasta el apoyo que proporcionan a las familias de su equipo.<\/p>\n<p>No es de extra\u00f1ar que la familia sea importante para Jennifer, ya que la compa\u00f1\u00eda se centra en hacer un impacto duradero en las vidas de su equipo y las comunidades a las que sirven. Jennifer y su esposo, Jack, tienen dos hijos maravillosos: Shelby, un veterinario, y Jackson, un estimador de la compa\u00f1\u00eda. Recientemente fueron bendecidos con su primer nieto, Wyatt. La familia se ejecuta en toda la empresa. El esposo de Jennifer es el Vicepresidente de Operaciones y Cory, su yerno, es supervisor. \u00a1Un verdadero asunto familiar!<\/p>\n<p>En su tiempo libre, Jen se puede encontrar disfrutando del sol en Key Largo con su familia y amigos \u2013 paseos en bote, pesca y buceo.<\/p>\n<p style=\"text-align: right;\"><a href=\"https:\/\/shelbyerectors.com\/sobre-nosotros\/conoce-al-equipo\/?lang=es\">Conoce al resto de nuestro equipo &gt;&gt;<\/a><\/p>\n","protected":false},"excerpt":{"rendered":"<p>Tal vez te preguntes c\u00f3mo se sentir\u00eda ser la mujer detr\u00e1s de una empresa de construcci\u00f3n l\u00edder en la industria. Seg\u00fan Jennifer Nix, ser la presidenta de la compa\u00f1\u00eda l\u00edder de subcontratistas de puentes en Florida es m\u00e1s all\u00e1 de las palabras, \u00a1incre\u00edble!<\/p>\n","protected":false},"author":4,"featured_media":0,"parent":2023,"menu_order":0,"comment_status":"closed","ping_status":"closed","template":"","meta":{"_acf_changed":false,"_genesis_hide_title":false,"_genesis_hide_breadcrumbs":false,"_genesis_hide_singular_image":false,"_genesis_hide_footer_widgets":false,"_genesis_custom_body_class":"","_genesis_custom_post_class":"","_genesis_layout":"","footnotes":""},"class_list":{"0":"post-2033","1":"page","2":"type-page","3":"status-publish","5":"entry"},"acf":[],"_links":{"self":[{"href":"https:\/\/shelbyerectors.com\/es\/wp-json\/wp\/v2\/pages\/2033","targetHints":{"allow":["GET"]}}],"collection":[{"href":"https:\/\/shelbyerectors.com\/es\/wp-json\/wp\/v2\/pages"}],"about":[{"href":"https:\/\/shelbyerectors.com\/es\/wp-json\/wp\/v2\/types\/page"}],"author":[{"embeddable":true,"href":"https:\/\/shelbyerectors.com\/es\/wp-json\/wp\/v2\/users\/4"}],"replies":[{"embeddable":true,"href":"https:\/\/shelbyerectors.com\/es\/wp-json\/wp\/v2\/comments?post=2033"}],"version-history":[{"count":0,"href":"https:\/\/shelbyerectors.com\/es\/wp-json\/wp\/v2\/pages\/2033\/revisions"}],"up":[{"embeddable":true,"href":"https:\/\/shelbyerectors.com\/es\/wp-json\/wp\/v2\/pages\/2023"}],"wp:attachment":[{"href":"https:\/\/shelbyerectors.com\/es\/wp-json\/wp\/v2\/media?parent=2033"}],"curies":[{"name":"wp","href":"https:\/\/api.w.org\/{rel}","templated":true}]}}