{"id":2035,"date":"2019-07-02T10:13:32","date_gmt":"2019-07-02T14:13:32","guid":{"rendered":"http:\/\/ryane20.sg-host.com\/sobre-nosotros\/conoce-al-equipo\/craig-taylor\/"},"modified":"2019-07-02T10:14:59","modified_gmt":"2019-07-02T14:14:59","slug":"craig-taylor","status":"publish","type":"page","link":"https:\/\/shelbyerectors.com\/es\/sobre-nosotros\/conoce-al-equipo\/craig-taylor\/","title":{"rendered":"Craig Taylor"},"content":{"rendered":"<p>Si usted est\u00e1 buscando mantenerse f\u00edsicamente en forma y saludable, la industria de la construcci\u00f3n puede ser el adecuado para usted. Craig Taylor ha estado en la industria durante los \u00faltimos 18 a\u00f1os y aprecia que lo mantiene en movimiento.<\/p>\n<p>Craig aprecia trabajar para una empresa familiar con una reputaci\u00f3n que llega a lo largo y ancho. La industria de la construcci\u00f3n est\u00e1 en auge y sigue prosperando sin importar qu\u00e9 otras tendencias est\u00e9n pasando en el mundo. Despu\u00e9s de todo, siempre necesitamos carreteras y puentes seguros.<\/p>\n<blockquote><p>Nos enorgullecemos de ser parte del equipo de Shelby Erectors. Nos encargamos de la mayor\u00eda de los principales proyectos en el estado.<\/p><\/blockquote>\n<p>Craig aprecia la continuidad del trabajo. El y sus equipos se enorgullecen de hacer su parte para mantener la industria en marcha. Trabajar como Superintendente le da a Craig la oportunidad de ayudar a construir el equipo de Shelby Erectors.<\/p>\n<p>Craig tiene dos enfoques principales en su vida: su trabajo y su hijo de nueve a\u00f1os. Aunque ama su trabajo, el hijo de Craig es su mundo. Cree que es incre\u00edble tener un hijo. Pone mucho esfuerzo en criar a su hijo mientras inculca valores. Craig y su hijo les encanta practicar deportes e ir a eventos deportivos juntos. Disfrutan especialmente del f\u00fatbol, el baloncesto y el f\u00fatbol.<\/p>\n<p style=\"text-align: right;\"><a href=\"https:\/\/shelbyerectors.com\/es\/sobre-nosotros\/conoce-al-equipo\/\">Conoce al resto de nuestro equipo &gt;&gt;<\/a><\/p>\n","protected":false},"excerpt":{"rendered":"<p>Si usted est\u00e1 buscando mantenerse f\u00edsicamente en forma y saludable, la industria de la construcci\u00f3n puede ser el adecuado para usted. Craig Taylor ha estado en la industria durante los \u00faltimos 18 a\u00f1os y aprecia que lo mantiene en movimiento.<\/p>\n","protected":false},"author":4,"featured_media":1997,"parent":2023,"menu_order":0,"comment_status":"closed","ping_status":"closed","template":"","meta":{"_acf_changed":false,"_genesis_hide_title":false,"_genesis_hide_breadcrumbs":false,"_genesis_hide_singular_image":false,"_genesis_hide_footer_widgets":false,"_genesis_custom_body_class":"","_genesis_custom_post_class":"","_genesis_layout":"","footnotes":""},"class_list":{"0":"post-2035","1":"page","2":"type-page","3":"status-publish","4":"has-post-thumbnail","6":"entry"},"acf":[],"_links":{"self":[{"href":"https:\/\/shelbyerectors.com\/es\/wp-json\/wp\/v2\/pages\/2035","targetHints":{"allow":["GET"]}}],"collection":[{"href":"https:\/\/shelbyerectors.com\/es\/wp-json\/wp\/v2\/pages"}],"about":[{"href":"https:\/\/shelbyerectors.com\/es\/wp-json\/wp\/v2\/types\/page"}],"author":[{"embeddable":true,"href":"https:\/\/shelbyerectors.com\/es\/wp-json\/wp\/v2\/users\/4"}],"replies":[{"embeddable":true,"href":"https:\/\/shelbyerectors.com\/es\/wp-json\/wp\/v2\/comments?post=2035"}],"version-history":[{"count":0,"href":"https:\/\/shelbyerectors.com\/es\/wp-json\/wp\/v2\/pages\/2035\/revisions"}],"up":[{"embeddable":true,"href":"https:\/\/shelbyerectors.com\/es\/wp-json\/wp\/v2\/pages\/2023"}],"wp:featuredmedia":[{"embeddable":true,"href":"https:\/\/shelbyerectors.com\/es\/wp-json\/wp\/v2\/media\/1997"}],"wp:attachment":[{"href":"https:\/\/shelbyerectors.com\/es\/wp-json\/wp\/v2\/media?parent=2035"}],"curies":[{"name":"wp","href":"https:\/\/api.w.org\/{rel}","templated":true}]}}