{"id":2044,"date":"2019-07-02T10:21:56","date_gmt":"2019-07-02T14:21:56","guid":{"rendered":"http:\/\/ryane20.sg-host.com\/sobre-nosotros\/lo-que-hacemos\/"},"modified":"2019-07-02T10:21:56","modified_gmt":"2019-07-02T14:21:56","slug":"lo-que-hacemos","status":"publish","type":"page","link":"https:\/\/shelbyerectors.com\/es\/sobre-nosotros\/lo-que-hacemos\/","title":{"rendered":"Lo que hacemos"},"content":{"rendered":"<p>En Shelby Erectors, no somos ingenieros, somos trabajadores de hierro. Estamos en el sitio de trabajo para instalar la columna vertebral y el esqueleto dentro de cada estructura de hormig\u00f3n, armadura. Tenemos conocimiento de por qu\u00e9 las cosas se construyen de la manera en que son, y mantenemos nuestro enfoque en hacer el trabajo de manera segura y precisa.<\/p>\n<p>De hecho, tenemos tanta experiencia, sabemos exactamente cu\u00e1ntas horas de hombre requiere cada tonelada de acero. Desde la cantidad de acero que requiere un trabajo, hasta el total de horas que el equipo necesitar\u00e1 para instalarlo, nuestras ofertas se basan en cifras cuidadosamente calculadas. Esta precisi\u00f3n nos permite dar una oferta clara mientras mantenemos nuestras proyecciones precisas. Nuestros clientes han llegado a comprender que entendemos todos los aspectos de nuestro trabajo, desde costos, horarios, facturaci\u00f3n precisa y flujo de efectivo. No existe tal cosa como un n\u00famero de enchufe con nuestro modelo de negocio.<\/p>\n<h2>Somos Constructores de Rompecabezas<\/h2>\n<p>El equipo de Shelby Erectors mira cada cami\u00f3n cargado de armadura como un rompecabezas gigante. La inspecci\u00f3n adicional expone cientos, si no miles de piezas de armadura con etiquetas dobladas en todo tipo de configuraciones. Aunque esto puede no tener sentido para la persona promedio, la descripci\u00f3n en las etiquetas indica a los miembros del equipo qu\u00e9 es la pieza y a d\u00f3nde pertenece. Un gran miembro del equipo podr\u00e1 visualizar el producto final antes de que comience el trabajo y nuestros equipos trabajen juntos para poner todo en el lugar correcto en el orden correcto. Consideramos las jaulas de armaduras como una cosa de belleza y una forma de arte s\u00f3lo para ser cubierta sin hormig\u00f3n.<\/p>\n<h2>Trabajo de armadura<\/h2>\n<p>La armadura no es <em>s\u00f3lo<\/em> armadura, es la base de cada estructura de hormig\u00f3n y puente que se ve y conducir por encima. Shelby Erectors se centra en la instalaci\u00f3n de armaduras para estructuras de hormig\u00f3n, espec\u00edficamente, puentes. Proporcionamos el servicio de trabajo y la experiencia que se necesita para construir las estructuras t\u00edpicas diarias a las estructuras ex\u00f3ticas y exclusivas que se ven a lo largo de nuestras carreteras en todo el estado de Florida, desde Key West hasta Pensacola.<\/p>\n<p>El trabajo que hacemos es duro y t\u00e9cnico. En nuestra opini\u00f3n, los trabajadores de hierro de armaduras (Rodbusters) son los comerciantes m\u00e1s trabajadores de la industria de la construcci\u00f3n. El trabajo es f\u00edsicamente exigente. Los horarios son ajustados y la presi\u00f3n siempre est\u00e1 activada. Nuestro trabajo es el \u00faltimo elemento antes de que el hormig\u00f3n pueda ser vertido y en la industria de la construcci\u00f3n, el hormig\u00f3n es el rey.<\/p>\n<p>Hay muchos tipos de puentes que requieren nuestros servicios de mano de obra de armadura. A continuaci\u00f3n se presentan algunos que Shelby Erectors se especializa en:<\/p>\n<h3>Puentes FIB de hormig\u00f3n y girder de acero<\/h3>\n<p>Este es el m\u00e9todo de construcci\u00f3n de puente est\u00e1ndar y se utiliza para puentes de tramo simples y puentes continuos de m\u00faltiples tramos. Pueden ser rectas y curvadas y consisten en vigas de hormig\u00f3n o acero que se extienden desde el muelle hasta el muelle creando la superficie de conducci\u00f3n por la que todos viajamos.<\/p>\n<h3>Puentes Basculantes<\/h3>\n<p>Los puentes basculantes se conocen m\u00e1s com\u00fanmente como puentes de dibujo. Estos puentes requieren un mayor nivel de experiencia que los puentes est\u00e1ndar que construimos. Los dibujos son t\u00e9cnicos y el trabajo es m\u00e1s complicado. Este trabajo requiere un placer de armadura experimentado para hacerlo bien.<\/p>\n<h3>Puentes segmentales prefabricados<\/h3>\n<p>Este tipo de puente es de naturaleza muy t\u00e9cnica. Toma el lugar de un puente de acero cuando una curva y largos tramos est\u00e1n involucrados. Est\u00e1 construido en peque\u00f1as secciones y luego conectado con precisi\u00f3n y mantenido junto con cables de tensi\u00f3n posterior. Las tripulaciones de Shelby Erectors trabajan diligentemente para asegurar que cada \u00e1ngulo est\u00e9 en el punto y cada pieza de armadura sea precisa.<\/p>\n<h3>Puentes de girder de caja fundida en el lugar<\/h3>\n<p>Este es otro tipo muy t\u00e9cnico de puente. En el lugar de trabajo se construye un puente de viga de caja fundida en el lugar. Aunque pueden ser una opci\u00f3n m\u00e1s costosa, las vigas de la caja suelen tener un espesor de losa m\u00e1s peque\u00f1o, lo que reduce el peso total del puente. Dependiendo del proyecto, esto puede hacerlos m\u00e1s rentables a largo plazo.<\/p>\n<h2>Instalaci\u00f3n de forma de cubierta met\u00e1lica de permanecer en lugar<\/h2>\n<p>Adem\u00e1s de proporcionar servicios de mano de obra de armadura, nuestras cuadrillas trabajan en instalaciones de forma de cubierta met\u00e1lica Stay in Place (SIP). Estos crean la superficie de la cubierta que los coches eventualmente conducir\u00e1n en. Despu\u00e9s de que se hayan puesto en marcha miles de barras y decenas de miles de lazos, nuestro trabajo est\u00e1 hecho y el hormig\u00f3n se puede verter.<\/p>\n<h2>Lo que nos diferencia<\/h2>\n<p>Cada empresa de construcci\u00f3n tiene su propio sistema, pero en Shelby Erectors estamos orgullosos de admitir que el nuestro es <em>realmente <\/em>bueno. Nuestras tripulaciones conocen nuestros procesos, as\u00ed como el <em>porqu\u00e9 <\/em>detr\u00e1s de ellos.<\/p>\n<p>Estamos a un nivel muy alto debido a nuestro trabajo del Departamento de Transporte (DOT). Los proyectos DOT tienen una menor tolerancia a la variaci\u00f3n y tambi\u00e9n requieren varias capas de inspecci\u00f3n y control de calidad.<\/p>\n<p>Las empresas que se encarga n.o de trabajo del DOT se mantienen con los m\u00e1s altos est\u00e1ndares de todos los trabajos de construcci\u00f3n. Nuestras tripulaciones est\u00e1n acostumbradas a seguir estos est\u00e1ndares y requisitos de seguridad. Demostramos una cuidadosa atenci\u00f3n al detalle en cada trabajo que amamos. A pesar de que un trabajo puede llevarnos un poco m\u00e1s de tiempo, vale la pena saber que estamos creando un resultado final de calidad. Despu\u00e9s de todo, la seguridad es la prioridad n\u00famero uno al construir puentes.<\/p>\n<h2>Lo que hacemos fuera del sitio de trabajo<\/h2>\n<p>Adem\u00e1s de trabajar en proyectos DOT, dos veces al a\u00f1o, Shelby Erectors es parte de los D\u00edas de Carrera de Construcci\u00f3n de <a href=\"https:\/\/ccdfl.org\/\" target=\"_blank\" rel=\"noopener\">Florida<\/a>del DOT. Estos eventos est\u00e1n dise\u00f1ados para atraer a los estudiantes de secundaria a la industria de la construcci\u00f3n, brind\u00e1ndoles la oportunidad de participar en actividades pr\u00e1cticas y hablar con trabajadores experimentados. Nuestro laboratorio de aprendizaje es siempre un gran \u00e9xito debido a las actividades pr\u00e1cticas.<\/p>\n<p>Ya sea que estemos en el sitio de trabajo construyendo puentes, colocando formas de cubierta sordo o haciendo alcance comunitario, siempre estamos enfocados en la calidad y la innovaci\u00f3n para seguir avanzando hacia el futuro.<\/p>\n","protected":false},"excerpt":{"rendered":"<p>Shelby Erectors se especializa en la construcci\u00f3n de puentes y la instalaci\u00f3n de acero de refuerzo y cubierta de estancia en el lugar. Proporcionamos mano de obra para la instalaci\u00f3n de armaduras en puentes de hormig\u00f3n.<\/p>\n","protected":false},"author":4,"featured_media":0,"parent":2022,"menu_order":0,"comment_status":"closed","ping_status":"closed","template":"","meta":{"_acf_changed":false,"_genesis_hide_title":false,"_genesis_hide_breadcrumbs":false,"_genesis_hide_singular_image":false,"_genesis_hide_footer_widgets":false,"_genesis_custom_body_class":"","_genesis_custom_post_class":"","_genesis_layout":"","footnotes":""},"class_list":{"0":"post-2044","1":"page","2":"type-page","3":"status-publish","5":"entry"},"acf":[],"_links":{"self":[{"href":"https:\/\/shelbyerectors.com\/es\/wp-json\/wp\/v2\/pages\/2044","targetHints":{"allow":["GET"]}}],"collection":[{"href":"https:\/\/shelbyerectors.com\/es\/wp-json\/wp\/v2\/pages"}],"about":[{"href":"https:\/\/shelbyerectors.com\/es\/wp-json\/wp\/v2\/types\/page"}],"author":[{"embeddable":true,"href":"https:\/\/shelbyerectors.com\/es\/wp-json\/wp\/v2\/users\/4"}],"replies":[{"embeddable":true,"href":"https:\/\/shelbyerectors.com\/es\/wp-json\/wp\/v2\/comments?post=2044"}],"version-history":[{"count":0,"href":"https:\/\/shelbyerectors.com\/es\/wp-json\/wp\/v2\/pages\/2044\/revisions"}],"up":[{"embeddable":true,"href":"https:\/\/shelbyerectors.com\/es\/wp-json\/wp\/v2\/pages\/2022"}],"wp:attachment":[{"href":"https:\/\/shelbyerectors.com\/es\/wp-json\/wp\/v2\/media?parent=2044"}],"curies":[{"name":"wp","href":"https:\/\/api.w.org\/{rel}","templated":true}]}}