{"id":2413,"date":"2020-11-07T23:34:59","date_gmt":"2020-11-08T03:34:59","guid":{"rendered":"https:\/\/shelbyerectors.com\/proyecto-de-aprendizaje-gi-bill-informacion\/"},"modified":"2020-11-07T23:34:59","modified_gmt":"2020-11-08T03:34:59","slug":"proyecto-de-aprendizaje-gi-bill-informacion","status":"publish","type":"page","link":"https:\/\/shelbyerectors.com\/es\/aprendizaje\/proyecto-de-aprendizaje-gi-bill-informacion\/","title":{"rendered":"Proyecto de Aprendizaje GI Bill\u00ae Informaci\u00f3n"},"content":{"rendered":"\n<h3 class=\"has-text-align-center wp-block-heading\"><strong><em>Tu nuevo cap\u00edtulo. Tu siguiente paso.<\/em><\/strong><\/h3>\n\n<hr class=\"wp-block-separator\"\/>\n\n<h3 class=\"wp-block-heading\"><strong>\u00a1Bienvenidos, Veteranos Militares!<\/strong><\/h3>\n\n<p>Estamos orgullosos de ofrecer nuestro <a href=\"https:\/\/shelbyerectors.com\/es\/aprendizaje\/?lang=es\">Programa<\/a> de Aprendizaje acreditado de dos a\u00f1os a veterinarios militares. La Oficina de Aprobaci\u00f3n Estatal de Florida ha aprobado Shelby Erectors, Inc. para la capacitaci\u00f3n de veteranos.<\/p>\n\n<p>Esta podr\u00eda ser la siguiente fase de tu vida. Una carrera activa que hace uso de sus antecedentes y valores militares. Este trabajo es a menudo ideal para aquellos que soportan destreza mental, fuerza, coraje y liderazgo. Es probable que este <em>es usted<\/em>!<\/p>\n\n<p>Has luchado y protegido este pa\u00eds. Continuar sirviendo a las comunidades, proporcionando infraestructura segura y mejorando vidas. Eso es parte de lo que eres. Eso nunca cambiar\u00e1. \u00bfY por qu\u00e9 deber\u00eda hacerlo?<\/p>\n\n<p>Mantenga su forma de vida y legado aqu\u00ed.<\/p>\n\n<h3 class=\"wp-block-heading\"><strong>Usando tu GI Bill\u00ae<\/strong><\/h3>\n\n<p>Como veterano, puede usar sus fondos GI Bill\u00ae para compensar los ingresos que recibe al convertirse en aprendiz. Por lo tanto, en lugar de ir a la universidad o a la escuela de comercio, esos fondos pueden ir directamente a su bolsillo.<\/p>\n\n<p>Es una oportunidad \u00fanica. Y s\u00f3lo ciertos programas en todo el pa\u00eds lo permiten. Shelby Erectors es uno de ellos.<\/p>\n\n<h3 class=\"wp-block-heading\"><strong>Dos a\u00f1os para una nueva carrera<\/strong><\/h3>\n\n<p>Esta es la oportunidad de una carrera que has estado esperando. Es un trabajo honesto, y ser\u00e1s parte de los trabajos bien hechos todos los d\u00edas. \u00bfListo para despertar con prop\u00f3sito? \u00bfPoner bien tus habilidades y talentos? \u00bfTrabajar con tus manos en The Sunshine State? Si es as\u00ed, estamos listos para conocerte.<\/p>\n\n<p>El programa dura 24 meses, y se le <a href=\"https:\/\/shelbyerectors.com\/es\/aprendizaje\/9-razones-para-unirse-a-nuestro-programa-de-aprendizaje\/?lang=es\">pagar\u00e1 durante esta capacitaci\u00f3n en el trabajo.<\/a> Los salarios iniciales son incre\u00edbles, y cada 6 meses, el salario aumenta. Esta es tu oportunidad de sumergirte y obtener la <a href=\"https:\/\/shelbyerectors.com\/es\/aprendizaje\/trayectoria-profesional-del-programa-de-aprendizaje\/?lang=es\">experiencia que necesitas<\/a> para la vida que deseas.<\/p>\n\n<p>Es hora de la estabilidad, un equipo orientado a la familia que se preocupa, y un nuevo cap\u00edtulo que tiene sentido para el veterano dedicado y trabajador. Creemos que ser\u00e1s un gran ajuste aqu\u00ed en Shelby Erectors.<\/p>\n\n<p><a href=\"https:\/\/shelbyerectors.com\/jobs\/\">Aplicar ahora<\/a>. \u00a1Necesitamos -y queremos- gente comprometida, honesta y poderosa como t\u00fa trabajando con nosotros!<\/p>\n","protected":false},"excerpt":{"rendered":"<p>Tu nuevo cap\u00edtulo. Tu siguiente paso. \u00a1Bienvenidos, Veteranos Militares! Estamos orgullosos de ofrecer nuestro Programa de Aprendizaje acreditado de dos a\u00f1os a veterinarios militares. La Oficina de Aprobaci\u00f3n Estatal de Florida ha aprobado Shelby Erectors, Inc. para la capacitaci\u00f3n de veteranos. Esta podr\u00eda ser la siguiente fase de tu vida. Una carrera activa que hace [&hellip;]<\/p>\n","protected":false},"author":1,"featured_media":2265,"parent":2412,"menu_order":0,"comment_status":"closed","ping_status":"closed","template":"","meta":{"_acf_changed":false,"_genesis_hide_title":false,"_genesis_hide_breadcrumbs":false,"_genesis_hide_singular_image":false,"_genesis_hide_footer_widgets":false,"_genesis_custom_body_class":"","_genesis_custom_post_class":"","_genesis_layout":"","footnotes":""},"class_list":{"0":"post-2413","1":"page","2":"type-page","3":"status-publish","4":"has-post-thumbnail","6":"entry"},"acf":[],"_links":{"self":[{"href":"https:\/\/shelbyerectors.com\/es\/wp-json\/wp\/v2\/pages\/2413","targetHints":{"allow":["GET"]}}],"collection":[{"href":"https:\/\/shelbyerectors.com\/es\/wp-json\/wp\/v2\/pages"}],"about":[{"href":"https:\/\/shelbyerectors.com\/es\/wp-json\/wp\/v2\/types\/page"}],"author":[{"embeddable":true,"href":"https:\/\/shelbyerectors.com\/es\/wp-json\/wp\/v2\/users\/1"}],"replies":[{"embeddable":true,"href":"https:\/\/shelbyerectors.com\/es\/wp-json\/wp\/v2\/comments?post=2413"}],"version-history":[{"count":0,"href":"https:\/\/shelbyerectors.com\/es\/wp-json\/wp\/v2\/pages\/2413\/revisions"}],"up":[{"embeddable":true,"href":"https:\/\/shelbyerectors.com\/es\/wp-json\/wp\/v2\/pages\/2412"}],"wp:featuredmedia":[{"embeddable":true,"href":"https:\/\/shelbyerectors.com\/es\/wp-json\/wp\/v2\/media\/2265"}],"wp:attachment":[{"href":"https:\/\/shelbyerectors.com\/es\/wp-json\/wp\/v2\/media?parent=2413"}],"curies":[{"name":"wp","href":"https:\/\/api.w.org\/{rel}","templated":true}]}}